{"id":1006,"date":"2019-09-23T13:15:32","date_gmt":"2019-09-23T13:15:32","guid":{"rendered":"http:\/\/htd.pebbler.be\/grand-hotel-huis-ter-duin\/"},"modified":"2025-08-22T11:32:37","modified_gmt":"2025-08-22T11:32:37","slug":"huis-ter-duin","status":"publish","type":"page","link":"https:\/\/breakersbeachhouse.nl\/de\/","title":{"rendered":"Breakers Beach House"},"content":{"rendered":"<p>Das Breakers Beach House liegt direkt am Strand und bietet einen atemberaubenden Blick auf die K\u00fcste von Noordwijk. Inspiriert von der amerikanischen Long Beach und dem eleganten viktorianischen Stil strahlt das Breakers Beach House eine helle, warme und einladende Atmosph\u00e4re aus.<\/p>\n<p>Die Speisekarte wechselt mit den Jahreszeiten. K\u00fcchenchef Mitchell Hendriks und sein Team konzentrieren sich auf reine, raffinierte und \u00fcberraschende Gerichte mit einem besonderen Schwerpunkt auf Fisch. Mit viel Liebe zum Detail und einer kreativen Herangehensweise stellt er sorgf\u00e4ltig zusammengestellte Men\u00fcs zusammen, die ganz auf die W\u00fcnsche seiner G\u00e4ste abgestimmt sind.<\/p>\n<p>Restaurantleiter Morgan Davidson bringt eine F\u00fclle an Erfahrung in der Gastronomie mit. Ob ein romantisches Dinner zu zweit oder eine festliche Hochzeit mit 100 G\u00e4sten \u2013 er sorgt daf\u00fcr, dass sich jeder im einzigartigen Breakers Beach House willkommen f\u00fchlt. Gemeinsam mit dem engagierten Breakers-Team schafft er eine gastfreundliche Atmosph\u00e4re und macht jeden Besuch zu einem unvergesslichen Erlebnis.<\/p>\n<p>Das Breakers Beach House ist das ganze Jahr \u00fcber ge\u00f6ffnet. Im Sommer hei\u00dfen wir Sie auf unserer s\u00fcdwestlich ausgerichteten Terrasse herzlich willkommen, w\u00e4hrend Sie in den Wintermonaten die gem\u00fctliche und einladende Atmosph\u00e4re am offenen Kamin genie\u00dfen k\u00f6nnen.<\/p>\n","protected":false},"excerpt":{"rendered":"<p>Das Breakers Beach House liegt direkt am Strand und bietet einen atemberaubenden Blick auf die K\u00fcste von Noordwijk. Inspiriert von der amerikanischen Long Beach und dem eleganten viktorianischen Stil strahlt das Breakers Beach House eine helle, warme und einladende Atmosph\u00e4re aus. Die Speisekarte wechselt mit den Jahreszeiten. K\u00fcchenchef Mitchell Hendriks und sein Team konzentrieren sich [&hellip;]<\/p>\n","protected":false},"author":1,"featured_media":4676,"parent":0,"menu_order":0,"comment_status":"closed","ping_status":"open","template":"page-home.php","meta":{"_acf_changed":false,"footnotes":""},"class_list":["post-1006","page","type-page","status-publish","has-post-thumbnail","hentry"],"acf":[],"yoast_head":"<!-- This site is optimized with the Yoast SEO plugin v27.4 - https:\/\/yoast.com\/product\/yoast-seo-wordpress\/ -->\n<title>Breakers Beach House ***** in Noordwijk aan Zee<\/title>\n<meta name=\"description\" content=\"Breakers Beach House, direkt am Strand gelegen, bietet einen wundersch\u00f6nen Blick \u00fcber die K\u00fcste von Noordwijk. Inspiriert durch den Vikto...\" \/>\n<meta name=\"robots\" content=\"index, follow, max-snippet:-1, max-image-preview:large, max-video-preview:-1\" \/>\n<link rel=\"canonical\" href=\"https:\/\/breakersbeachhouse.nl\/de\/\" \/>\n<meta property=\"og:locale\" content=\"de_DE\" \/>\n<meta property=\"og:type\" content=\"article\" \/>\n<meta property=\"og:title\" content=\"Breakers Beach House ***** in Noordwijk aan Zee\" \/>\n<meta property=\"og:description\" content=\"Breakers Beach House, direkt am Strand gelegen, bietet einen wundersch\u00f6nen Blick \u00fcber die K\u00fcste von Noordwijk. Inspiriert durch den Vikto...\" \/>\n<meta property=\"og:url\" content=\"https:\/\/breakersbeachhouse.nl\/de\/\" \/>\n<meta property=\"og:site_name\" content=\"Breakers Beach House\" \/>\n<meta property=\"article:modified_time\" content=\"2025-08-22T11:32:37+00:00\" \/>\n<meta property=\"og:image\" content=\"https:\/\/breakersbeachhouse.nl\/wp-content\/uploads\/2022\/03\/HtD-Breakers-7.jpeg\" \/>\n\t<meta property=\"og:image:width\" content=\"1920\" \/>\n\t<meta property=\"og:image:height\" content=\"983\" \/>\n\t<meta property=\"og:image:type\" content=\"image\/jpeg\" \/>\n<meta name=\"twitter:card\" content=\"summary_large_image\" \/>\n<meta name=\"twitter:label1\" content=\"Gesch\u00e4tzte Lesezeit\" \/>\n\t<meta name=\"twitter:data1\" content=\"2\u00a0Minuten\" \/>\n<!-- \/ Yoast SEO plugin. -->","yoast_head_json":{"title":"Breakers Beach House ***** in Noordwijk aan Zee","description":"Breakers Beach House, direkt am Strand gelegen, bietet einen wundersch\u00f6nen Blick \u00fcber die K\u00fcste von Noordwijk. Inspiriert durch den Vikto...","robots":{"index":"index","follow":"follow","max-snippet":"max-snippet:-1","max-image-preview":"max-image-preview:large","max-video-preview":"max-video-preview:-1"},"canonical":"https:\/\/breakersbeachhouse.nl\/de\/","og_locale":"de_DE","og_type":"article","og_title":"Breakers Beach House ***** in Noordwijk aan Zee","og_description":"Breakers Beach House, direkt am Strand gelegen, bietet einen wundersch\u00f6nen Blick \u00fcber die K\u00fcste von Noordwijk. Inspiriert durch den Vikto...","og_url":"https:\/\/breakersbeachhouse.nl\/de\/","og_site_name":"Breakers Beach House","article_modified_time":"2025-08-22T11:32:37+00:00","og_image":[{"width":1920,"height":983,"url":"https:\/\/breakersbeachhouse.nl\/wp-content\/uploads\/2022\/03\/HtD-Breakers-7.jpeg","type":"image\/jpeg"}],"twitter_card":"summary_large_image","twitter_misc":{"Gesch\u00e4tzte Lesezeit":"2\u00a0Minuten"},"schema":{"@context":"https:\/\/schema.org","@graph":[{"@type":"WebPage","@id":"https:\/\/breakersbeachhouse.nl\/de\/","url":"https:\/\/breakersbeachhouse.nl\/de\/","name":"Breakers Beach House ***** in Noordwijk aan Zee","isPartOf":{"@id":"https:\/\/breakersbeachhouse.nl\/de\/#website"},"primaryImageOfPage":{"@id":"https:\/\/breakersbeachhouse.nl\/de\/#primaryimage"},"image":{"@id":"https:\/\/breakersbeachhouse.nl\/de\/#primaryimage"},"thumbnailUrl":"https:\/\/breakersbeachhouse.nl\/wp-content\/uploads\/2022\/03\/HtD-Breakers-7.jpeg","datePublished":"2019-09-23T13:15:32+00:00","dateModified":"2025-08-22T11:32:37+00:00","description":"Breakers Beach House, direkt am Strand gelegen, bietet einen wundersch\u00f6nen Blick \u00fcber die K\u00fcste von Noordwijk. Inspiriert durch den Vikto...","breadcrumb":{"@id":"https:\/\/breakersbeachhouse.nl\/de\/#breadcrumb"},"inLanguage":"de","potentialAction":[{"@type":"ReadAction","target":["https:\/\/breakersbeachhouse.nl\/de\/"]}]},{"@type":"ImageObject","inLanguage":"de","@id":"https:\/\/breakersbeachhouse.nl\/de\/#primaryimage","url":"https:\/\/breakersbeachhouse.nl\/wp-content\/uploads\/2022\/03\/HtD-Breakers-7.jpeg","contentUrl":"https:\/\/breakersbeachhouse.nl\/wp-content\/uploads\/2022\/03\/HtD-Breakers-7.jpeg","width":1920,"height":983},{"@type":"BreadcrumbList","@id":"https:\/\/breakersbeachhouse.nl\/de\/#breadcrumb","itemListElement":[{"@type":"ListItem","position":1,"name":"Home","item":"https:\/\/breakersbeachhouse.nl\/de\/"},{"@type":"ListItem","position":2,"name":"Breakers Beach House"}]},{"@type":"WebSite","@id":"https:\/\/breakersbeachhouse.nl\/de\/#website","url":"https:\/\/breakersbeachhouse.nl\/de\/","name":"Grand Hotel Huis ter Duin *****","description":"Holland&#039;s finest beach house","publisher":{"@id":"https:\/\/breakersbeachhouse.nl\/de\/#organization"},"potentialAction":[{"@type":"SearchAction","target":{"@type":"EntryPoint","urlTemplate":"https:\/\/breakersbeachhouse.nl\/de\/?s={search_term_string}"},"query-input":{"@type":"PropertyValueSpecification","valueRequired":true,"valueName":"search_term_string"}}],"inLanguage":"de"},{"@type":"Organization","@id":"https:\/\/breakersbeachhouse.nl\/de\/#organization","name":"Grand Hotel Huis ter Duin","url":"https:\/\/breakersbeachhouse.nl\/de\/","logo":{"@type":"ImageObject","inLanguage":"de","@id":"https:\/\/breakersbeachhouse.nl\/de\/#\/schema\/logo\/image\/","url":"https:\/\/breakersbeachhouse.nl\/wp-content\/uploads\/2020\/01\/favicon-196x196-1.png","contentUrl":"https:\/\/breakersbeachhouse.nl\/wp-content\/uploads\/2020\/01\/favicon-196x196-1.png","width":196,"height":196,"caption":"Grand Hotel Huis ter Duin"},"image":{"@id":"https:\/\/breakersbeachhouse.nl\/de\/#\/schema\/logo\/image\/"}}]}},"_links":{"self":[{"href":"https:\/\/breakersbeachhouse.nl\/de\/wp-json\/wp\/v2\/pages\/1006","targetHints":{"allow":["GET"]}}],"collection":[{"href":"https:\/\/breakersbeachhouse.nl\/de\/wp-json\/wp\/v2\/pages"}],"about":[{"href":"https:\/\/breakersbeachhouse.nl\/de\/wp-json\/wp\/v2\/types\/page"}],"author":[{"embeddable":true,"href":"https:\/\/breakersbeachhouse.nl\/de\/wp-json\/wp\/v2\/users\/1"}],"replies":[{"embeddable":true,"href":"https:\/\/breakersbeachhouse.nl\/de\/wp-json\/wp\/v2\/comments?post=1006"}],"version-history":[{"count":29,"href":"https:\/\/breakersbeachhouse.nl\/de\/wp-json\/wp\/v2\/pages\/1006\/revisions"}],"predecessor-version":[{"id":7541,"href":"https:\/\/breakersbeachhouse.nl\/de\/wp-json\/wp\/v2\/pages\/1006\/revisions\/7541"}],"wp:featuredmedia":[{"embeddable":true,"href":"https:\/\/breakersbeachhouse.nl\/de\/wp-json\/wp\/v2\/media\/4676"}],"wp:attachment":[{"href":"https:\/\/breakersbeachhouse.nl\/de\/wp-json\/wp\/v2\/media?parent=1006"}],"curies":[{"name":"wp","href":"https:\/\/api.w.org\/{rel}","templated":true}]}}