{"id":1788,"date":"2019-11-15T16:05:09","date_gmt":"2019-11-15T16:05:09","guid":{"rendered":"http:\/\/htd.pebbler.be\/sustainability\/"},"modified":"2023-02-22T14:36:58","modified_gmt":"2023-02-22T14:36:58","slug":"sustainability","status":"publish","type":"page","link":"https:\/\/breakersbeachhouse.nl\/de\/sustainability\/","title":{"rendered":"Nachhaltigkeit"},"content":{"rendered":"<p>Breakers Beach House investiert in die Zukunft als Teil und in Zusammenarbeit mit dem Grand Hotel Huis ter Duin. Schritt f\u00fcr Schritt engagieren wir uns f\u00fcr eine nachhaltigere und zukunftsf\u00e4higere Welt. Sehen Sie sich hier die Initiativen an, f\u00fcr die wir uns engagieren.<\/p>\n","protected":false},"excerpt":{"rendered":"<p>Breakers Beach House investiert in die Zukunft als Teil und in Zusammenarbeit mit dem Grand Hotel Huis ter Duin. Schritt f\u00fcr Schritt engagieren wir uns f\u00fcr eine nachhaltigere und zukunftsf\u00e4higere Welt. Sehen Sie sich hier die Initiativen an, f\u00fcr die wir uns engagieren.<\/p>\n","protected":false},"author":1,"featured_media":0,"parent":0,"menu_order":0,"comment_status":"closed","ping_status":"closed","template":"page-sustainability.php","meta":{"_acf_changed":false,"footnotes":""},"class_list":["post-1788","page","type-page","status-publish","hentry"],"acf":[],"yoast_head":"<!-- This site is optimized with the Yoast SEO plugin v27.4 - https:\/\/yoast.com\/product\/yoast-seo-wordpress\/ -->\n<title>Nachhaltigkeit - Breakers Beach House Noordwijk aan Zee<\/title>\n<meta name=\"description\" content=\"Als icoon aan de Nederlandse\u00a0 kust heeft Grand Hotel Huis ter Duin een maatschappelijke voorbeeld functie.Daarom is sustainability een belangrijk onderdeel..\" \/>\n<meta name=\"robots\" content=\"index, follow, max-snippet:-1, max-image-preview:large, max-video-preview:-1\" \/>\n<link rel=\"canonical\" href=\"https:\/\/breakersbeachhouse.nl\/de\/sustainability\/\" \/>\n<meta property=\"og:locale\" content=\"de_DE\" \/>\n<meta property=\"og:type\" content=\"article\" \/>\n<meta property=\"og:title\" content=\"Nachhaltigkeit - Breakers Beach House Noordwijk aan Zee\" \/>\n<meta property=\"og:description\" content=\"Als icoon aan de Nederlandse\u00a0 kust heeft Grand Hotel Huis ter Duin een maatschappelijke voorbeeld functie.Daarom is sustainability een belangrijk onderdeel..\" \/>\n<meta property=\"og:url\" content=\"https:\/\/breakersbeachhouse.nl\/de\/sustainability\/\" \/>\n<meta property=\"og:site_name\" content=\"Breakers Beach House\" \/>\n<meta property=\"article:modified_time\" content=\"2023-02-22T14:36:58+00:00\" \/>\n<meta name=\"twitter:card\" content=\"summary_large_image\" \/>\n<meta name=\"twitter:label1\" content=\"Gesch\u00e4tzte Lesezeit\" \/>\n\t<meta name=\"twitter:data1\" content=\"1\u00a0Minute\" \/>\n<!-- \/ Yoast SEO plugin. -->","yoast_head_json":{"title":"Nachhaltigkeit - Breakers Beach House Noordwijk aan Zee","description":"Als icoon aan de Nederlandse\u00a0 kust heeft Grand Hotel Huis ter Duin een maatschappelijke voorbeeld functie.Daarom is sustainability een belangrijk onderdeel..","robots":{"index":"index","follow":"follow","max-snippet":"max-snippet:-1","max-image-preview":"max-image-preview:large","max-video-preview":"max-video-preview:-1"},"canonical":"https:\/\/breakersbeachhouse.nl\/de\/sustainability\/","og_locale":"de_DE","og_type":"article","og_title":"Nachhaltigkeit - Breakers Beach House Noordwijk aan Zee","og_description":"Als icoon aan de Nederlandse\u00a0 kust heeft Grand Hotel Huis ter Duin een maatschappelijke voorbeeld functie.Daarom is sustainability een belangrijk onderdeel..","og_url":"https:\/\/breakersbeachhouse.nl\/de\/sustainability\/","og_site_name":"Breakers Beach House","article_modified_time":"2023-02-22T14:36:58+00:00","twitter_card":"summary_large_image","twitter_misc":{"Gesch\u00e4tzte Lesezeit":"1\u00a0Minute"},"schema":{"@context":"https:\/\/schema.org","@graph":[{"@type":"WebPage","@id":"https:\/\/breakersbeachhouse.nl\/de\/sustainability\/","url":"https:\/\/breakersbeachhouse.nl\/de\/sustainability\/","name":"Nachhaltigkeit - Breakers Beach House Noordwijk aan Zee","isPartOf":{"@id":"https:\/\/breakersbeachhouse.nl\/de\/#website"},"datePublished":"2019-11-15T16:05:09+00:00","dateModified":"2023-02-22T14:36:58+00:00","description":"Als icoon aan de Nederlandse\u00a0 kust heeft Grand Hotel Huis ter Duin een maatschappelijke voorbeeld functie.Daarom is sustainability een belangrijk onderdeel..","breadcrumb":{"@id":"https:\/\/breakersbeachhouse.nl\/de\/sustainability\/#breadcrumb"},"inLanguage":"de","potentialAction":[{"@type":"ReadAction","target":["https:\/\/breakersbeachhouse.nl\/de\/sustainability\/"]}]},{"@type":"BreadcrumbList","@id":"https:\/\/breakersbeachhouse.nl\/de\/sustainability\/#breadcrumb","itemListElement":[{"@type":"ListItem","position":1,"name":"Home","item":"https:\/\/breakersbeachhouse.nl\/de\/"},{"@type":"ListItem","position":2,"name":"Nachhaltigkeit"}]},{"@type":"WebSite","@id":"https:\/\/breakersbeachhouse.nl\/de\/#website","url":"https:\/\/breakersbeachhouse.nl\/de\/","name":"Grand Hotel Huis ter Duin *****","description":"Holland&#039;s finest beach house","publisher":{"@id":"https:\/\/breakersbeachhouse.nl\/de\/#organization"},"potentialAction":[{"@type":"SearchAction","target":{"@type":"EntryPoint","urlTemplate":"https:\/\/breakersbeachhouse.nl\/de\/?s={search_term_string}"},"query-input":{"@type":"PropertyValueSpecification","valueRequired":true,"valueName":"search_term_string"}}],"inLanguage":"de"},{"@type":"Organization","@id":"https:\/\/breakersbeachhouse.nl\/de\/#organization","name":"Grand Hotel Huis ter Duin","url":"https:\/\/breakersbeachhouse.nl\/de\/","logo":{"@type":"ImageObject","inLanguage":"de","@id":"https:\/\/breakersbeachhouse.nl\/de\/#\/schema\/logo\/image\/","url":"https:\/\/breakersbeachhouse.nl\/wp-content\/uploads\/2020\/01\/favicon-196x196-1.png","contentUrl":"https:\/\/breakersbeachhouse.nl\/wp-content\/uploads\/2020\/01\/favicon-196x196-1.png","width":196,"height":196,"caption":"Grand Hotel Huis ter Duin"},"image":{"@id":"https:\/\/breakersbeachhouse.nl\/de\/#\/schema\/logo\/image\/"}}]}},"_links":{"self":[{"href":"https:\/\/breakersbeachhouse.nl\/de\/wp-json\/wp\/v2\/pages\/1788","targetHints":{"allow":["GET"]}}],"collection":[{"href":"https:\/\/breakersbeachhouse.nl\/de\/wp-json\/wp\/v2\/pages"}],"about":[{"href":"https:\/\/breakersbeachhouse.nl\/de\/wp-json\/wp\/v2\/types\/page"}],"author":[{"embeddable":true,"href":"https:\/\/breakersbeachhouse.nl\/de\/wp-json\/wp\/v2\/users\/1"}],"replies":[{"embeddable":true,"href":"https:\/\/breakersbeachhouse.nl\/de\/wp-json\/wp\/v2\/comments?post=1788"}],"version-history":[{"count":9,"href":"https:\/\/breakersbeachhouse.nl\/de\/wp-json\/wp\/v2\/pages\/1788\/revisions"}],"predecessor-version":[{"id":6258,"href":"https:\/\/breakersbeachhouse.nl\/de\/wp-json\/wp\/v2\/pages\/1788\/revisions\/6258"}],"wp:attachment":[{"href":"https:\/\/breakersbeachhouse.nl\/de\/wp-json\/wp\/v2\/media?parent=1788"}],"curies":[{"name":"wp","href":"https:\/\/api.w.org\/{rel}","templated":true}]}}