{"id":3543,"date":"2021-07-12T13:42:24","date_gmt":"2021-07-12T13:42:24","guid":{"rendered":"https:\/\/breakersbeachhouse.nl\/?page_id=3543"},"modified":"2025-03-25T09:07:25","modified_gmt":"2025-03-25T09:07:25","slug":"hausregeln","status":"publish","type":"page","link":"https:\/\/breakersbeachhouse.nl\/de\/hausregeln\/","title":{"rendered":"Hausregeln"},"content":{"rendered":"<p>&#8211; Die einheitlichen HORECA-Bedingungen unserer Mitarbeiter sind jederzeit g\u00fcltig;<br \/>\n&#8211; Das Management haftet nicht f\u00fcr Diebstahl oder Zerst\u00f6rung Ihres Eigentums;<br \/>\n&#8211; Beim Check-in m\u00fcssen Sie sich mit einem g\u00fcltigen Identit\u00e4tsnachweis (Reisepass, F\u00fchrerschein oder Personalausweis) ausweisen;<br \/>\n&#8211; Auf Verlangen unserer Mitarbeiter m\u00fcssen Sie sich jederzeit mit einem g\u00fcltigen Ausweis ausweisen k\u00f6nnen;<br \/>\n&#8211; Schwache und starke alkoholische Getr\u00e4nke werden nicht unter 18 Jahren serviert. Im Zweifelsfall haben Abteilungsleiter und Mitarbeiter die M\u00f6glichkeit, nach einem Ausweis zu fragen. Wenn dies nicht nachweisbar ist, kann das Servieren von Alkohol geweigert werden;<br \/>\n&#8211; \u00dcber Geschmack wird nicht gestritten. Wir behalten uns vor, G\u00e4ste abzulehnen, wenn sie unserer Meinung nach nicht wie gew\u00fcnscht gekleidet sind;<br \/>\n&#8211; Alle Zimmer und \u00f6ffentliche Bereiche im gesamten Hotel sind Nichtraucherzimmer. Das Rauchen ist auf den Terrassen und in speziell daf\u00fcr vorgesehenen Bereichen gestattet;<br \/>\n&#8211; Fundsachen m\u00fcssen an der Rezeption abgegeben werden;<br \/>\n&#8211; Beschwerden k\u00f6nnen Sie beim jeweiligen Abteilungsleiter melden;<br \/>\n&#8211; Im Falle eines absichtlich verursachten Fehlalarms werden Folgesch\u00e4den von der betreffenden Person behoben;<br \/>\n&#8211; Bei Begehung einer Straftat und\/ oder eines Diebstahls werden die entsprechenden Waren beschlagnahmt, reichen wir einen Bericht oder eine Beschwerde ein und werden Sie sofort der Polizei \u00fcbertragen;<br \/>\n&#8211; Sch\u00e4den, die im oder um das Hotel, den Mitarbeitern oder Mitg\u00e4sten verursacht wurden, werden von den T\u00e4tern zur\u00fcckgefordert.<\/p>\n<p>Es ist nicht erlaubt:<\/p>\n<p>&#8211; Eigene Getr\u00e4nke und\/ oder Speisen in den Restaurants, in der Bar oder auf den Terrassen zu konsumieren;<br \/>\n&#8211; Unsere Lobby, Restaurants und Terrassen mit nacktem Oberk\u00f6rper oder einem Badeanzug zu betreten;<br \/>\n&#8211; Glaswaren au\u00dferhalb des Hotels zu verwenden;<br \/>\n&#8211; Mitg\u00e4ste bei ihren Aktivit\u00e4ten zu behindern;<br \/>\n&#8211; Bilder, die den Ruf sch\u00e4digen, \u00f6ffentlich zu teilen;<br \/>\n&#8211; Bildmaterial von Mitg\u00e4sten und Mitarbeitern ohne schriftliche Genehmigung unseres Managements zu erstellen.<\/p>\n<p>Es ist verboten;<\/p>\n<p>&#8211; Bildmaterial von Mitg\u00e4sten und Mitarbeitern ohne schriftliche Genehmigung unseres Managements zu erstellen;<br \/>\n&#8211; Drogen zu besitzen, zu benutzen oder zu handeln;<br \/>\n&#8211; Gewalt anzuwenden, jemanden zu diskriminieren, sexuell ein zu sch\u00fcchtern;<br \/>\n&#8211; Waffen oder andere Gegenst\u00e4nde zu haben, die als Waffen verwendet werden k\u00f6nnen;<\/p>\n<p>Unsere Mitarbeiter sind berechtigt, G\u00e4ste aus dem Hotel zu entfernen, die sich \u00e4rgerlich verhalten und\/ oder die obengenannten Hausregeln nicht einhalten, und den (weiteren) Zugang zum Hotel zu weigern.<\/p>\n","protected":false},"excerpt":{"rendered":"<p>&#8211; Die einheitlichen HORECA-Bedingungen unserer Mitarbeiter sind jederzeit g\u00fcltig; &#8211; Das Management haftet nicht f\u00fcr Diebstahl oder Zerst\u00f6rung Ihres Eigentums; &#8211; Beim Check-in m\u00fcssen Sie sich mit einem g\u00fcltigen Identit\u00e4tsnachweis (Reisepass, F\u00fchrerschein oder Personalausweis) ausweisen; &#8211; Auf Verlangen unserer Mitarbeiter m\u00fcssen Sie sich jederzeit mit einem g\u00fcltigen Ausweis ausweisen k\u00f6nnen; &#8211; Schwache und starke alkoholische [&hellip;]<\/p>\n","protected":false},"author":2,"featured_media":0,"parent":0,"menu_order":0,"comment_status":"closed","ping_status":"closed","template":"","meta":{"_acf_changed":false,"footnotes":""},"class_list":["post-3543","page","type-page","status-publish","hentry"],"acf":[],"yoast_head":"<!-- This site is optimized with the Yoast SEO plugin v27.4 - https:\/\/yoast.com\/product\/yoast-seo-wordpress\/ -->\n<title>Hausregeln - Breakers Beach House<\/title>\n<meta name=\"description\" content=\"In den folgenden Bestimmungen finden Sie die wichtigsten Hausregeln, die in Grand Hotel Huis ter Duin gelten. Wir bitten Sie, diese Regeln...\" \/>\n<meta name=\"robots\" content=\"index, follow, max-snippet:-1, max-image-preview:large, max-video-preview:-1\" \/>\n<link rel=\"canonical\" href=\"https:\/\/breakersbeachhouse.nl\/de\/hausregeln\/\" \/>\n<meta property=\"og:locale\" content=\"de_DE\" \/>\n<meta property=\"og:type\" content=\"article\" \/>\n<meta property=\"og:title\" content=\"Hausregeln - Breakers Beach House\" \/>\n<meta property=\"og:description\" content=\"In den folgenden Bestimmungen finden Sie die wichtigsten Hausregeln, die in Grand Hotel Huis ter Duin gelten. Wir bitten Sie, diese Regeln...\" \/>\n<meta property=\"og:url\" content=\"https:\/\/breakersbeachhouse.nl\/de\/hausregeln\/\" \/>\n<meta property=\"og:site_name\" content=\"Breakers Beach House\" \/>\n<meta property=\"article:modified_time\" content=\"2025-03-25T09:07:25+00:00\" \/>\n<meta name=\"twitter:card\" content=\"summary_large_image\" \/>\n<meta name=\"twitter:label1\" content=\"Gesch\u00e4tzte Lesezeit\" \/>\n\t<meta name=\"twitter:data1\" content=\"2\u00a0Minuten\" \/>\n<!-- \/ Yoast SEO plugin. -->","yoast_head_json":{"title":"Hausregeln - Breakers Beach House","description":"In den folgenden Bestimmungen finden Sie die wichtigsten Hausregeln, die in Grand Hotel Huis ter Duin gelten. Wir bitten Sie, diese Regeln...","robots":{"index":"index","follow":"follow","max-snippet":"max-snippet:-1","max-image-preview":"max-image-preview:large","max-video-preview":"max-video-preview:-1"},"canonical":"https:\/\/breakersbeachhouse.nl\/de\/hausregeln\/","og_locale":"de_DE","og_type":"article","og_title":"Hausregeln - Breakers Beach House","og_description":"In den folgenden Bestimmungen finden Sie die wichtigsten Hausregeln, die in Grand Hotel Huis ter Duin gelten. Wir bitten Sie, diese Regeln...","og_url":"https:\/\/breakersbeachhouse.nl\/de\/hausregeln\/","og_site_name":"Breakers Beach House","article_modified_time":"2025-03-25T09:07:25+00:00","twitter_card":"summary_large_image","twitter_misc":{"Gesch\u00e4tzte Lesezeit":"2\u00a0Minuten"},"schema":{"@context":"https:\/\/schema.org","@graph":[{"@type":"WebPage","@id":"https:\/\/breakersbeachhouse.nl\/de\/hausregeln\/","url":"https:\/\/breakersbeachhouse.nl\/de\/hausregeln\/","name":"Hausregeln - Breakers Beach House","isPartOf":{"@id":"https:\/\/breakersbeachhouse.nl\/de\/#website"},"datePublished":"2021-07-12T13:42:24+00:00","dateModified":"2025-03-25T09:07:25+00:00","description":"In den folgenden Bestimmungen finden Sie die wichtigsten Hausregeln, die in Grand Hotel Huis ter Duin gelten. Wir bitten Sie, diese Regeln...","breadcrumb":{"@id":"https:\/\/breakersbeachhouse.nl\/de\/hausregeln\/#breadcrumb"},"inLanguage":"de","potentialAction":[{"@type":"ReadAction","target":["https:\/\/breakersbeachhouse.nl\/de\/hausregeln\/"]}]},{"@type":"BreadcrumbList","@id":"https:\/\/breakersbeachhouse.nl\/de\/hausregeln\/#breadcrumb","itemListElement":[{"@type":"ListItem","position":1,"name":"Home","item":"https:\/\/breakersbeachhouse.nl\/de\/"},{"@type":"ListItem","position":2,"name":"Hausregeln"}]},{"@type":"WebSite","@id":"https:\/\/breakersbeachhouse.nl\/de\/#website","url":"https:\/\/breakersbeachhouse.nl\/de\/","name":"Grand Hotel Huis ter Duin *****","description":"Holland&#039;s finest beach house","publisher":{"@id":"https:\/\/breakersbeachhouse.nl\/de\/#organization"},"potentialAction":[{"@type":"SearchAction","target":{"@type":"EntryPoint","urlTemplate":"https:\/\/breakersbeachhouse.nl\/de\/?s={search_term_string}"},"query-input":{"@type":"PropertyValueSpecification","valueRequired":true,"valueName":"search_term_string"}}],"inLanguage":"de"},{"@type":"Organization","@id":"https:\/\/breakersbeachhouse.nl\/de\/#organization","name":"Grand Hotel Huis ter Duin","url":"https:\/\/breakersbeachhouse.nl\/de\/","logo":{"@type":"ImageObject","inLanguage":"de","@id":"https:\/\/breakersbeachhouse.nl\/de\/#\/schema\/logo\/image\/","url":"https:\/\/breakersbeachhouse.nl\/wp-content\/uploads\/2020\/01\/favicon-196x196-1.png","contentUrl":"https:\/\/breakersbeachhouse.nl\/wp-content\/uploads\/2020\/01\/favicon-196x196-1.png","width":196,"height":196,"caption":"Grand Hotel Huis ter Duin"},"image":{"@id":"https:\/\/breakersbeachhouse.nl\/de\/#\/schema\/logo\/image\/"}}]}},"_links":{"self":[{"href":"https:\/\/breakersbeachhouse.nl\/de\/wp-json\/wp\/v2\/pages\/3543","targetHints":{"allow":["GET"]}}],"collection":[{"href":"https:\/\/breakersbeachhouse.nl\/de\/wp-json\/wp\/v2\/pages"}],"about":[{"href":"https:\/\/breakersbeachhouse.nl\/de\/wp-json\/wp\/v2\/types\/page"}],"author":[{"embeddable":true,"href":"https:\/\/breakersbeachhouse.nl\/de\/wp-json\/wp\/v2\/users\/2"}],"replies":[{"embeddable":true,"href":"https:\/\/breakersbeachhouse.nl\/de\/wp-json\/wp\/v2\/comments?post=3543"}],"version-history":[{"count":2,"href":"https:\/\/breakersbeachhouse.nl\/de\/wp-json\/wp\/v2\/pages\/3543\/revisions"}],"predecessor-version":[{"id":7376,"href":"https:\/\/breakersbeachhouse.nl\/de\/wp-json\/wp\/v2\/pages\/3543\/revisions\/7376"}],"wp:attachment":[{"href":"https:\/\/breakersbeachhouse.nl\/de\/wp-json\/wp\/v2\/media?parent=3543"}],"curies":[{"name":"wp","href":"https:\/\/api.w.org\/{rel}","templated":true}]}}