{"id":5385,"date":"2022-06-08T09:43:56","date_gmt":"2022-06-08T09:43:56","guid":{"rendered":"https:\/\/breakersbeachhouse.nl\/bellagio\/"},"modified":"2026-03-27T09:30:44","modified_gmt":"2026-03-27T09:30:44","slug":"bellagio","status":"publish","type":"page","link":"https:\/\/breakersbeachhouse.nl\/de\/bellagio\/","title":{"rendered":"Bell&#8217;agio"},"content":{"rendered":"<p style=\"text-align: center;\"><em>Wir hei\u00dfen unsere G\u00e4ste herzlich willkommen, die Liegen noch bis zum September zu nutzen. Danach beenden wir die Saison und freuen uns bereits auf die n\u00e4chste.<\/em><\/p>\n<p>*****<\/p>\n<p style=\"text-align: center;\"><strong>Breakers Bell\u2019Agio<\/strong>\u00a0ist die Strandbar des Breakers Beach House und der perfekte Ort, um einen sch\u00f6nen Sommertag in ungezwungener Atmosph\u00e4re zu genie\u00dfen.\u00a0<em>Bell\u2019Agio<\/em>\u00a0bezieht sich auf das Strandpavillon, das vor der Er\u00f6ffnung des festen Breakers Beach House denselben Namen trug.<\/p>\n<p style=\"text-align: center;\"><strong>Tagesvermietung von Strandliegen<br \/>\n<\/strong>Genie\u00dfen Sie die komfortablen Strandliegen im Breakers Bell\u2019Agio, die von Mitte April bis Mitte September zur Verf\u00fcgung stehen. Neben einer herrlich weichen Matratze auf den Liegen stellen wir Ihnen bei Bedarf auch einen Sonnenschirm zur Verf\u00fcgung. Die Reservierung von Sonnenliegen ist nur f\u00fcr Hotelg\u00e4ste, G\u00e4stekartenmitglieder und Sunny Summer Mitglieder m\u00f6glich. Passanten k\u00f6nnen an diesem Tag im Breakers Bell\u2019Agio vorbeikommen und sich nach der Verf\u00fcgbarkeit von Strandliegen erkundigen.. Telefonisch geben wir hierzu keine Auskunft.<\/p>\n<p style=\"text-align: center;\"><strong>Preise<br \/>\n<\/strong>Set*: 50 \u20ac pro Tag<br \/>\nZus\u00e4tzliche Liege: 17,50 \u20ac pro Tag<br \/>\nZus\u00e4tzliches Handtuch: 10 \u20ac pro Tag<\/p>\n<p style=\"text-align: center;\">*\u00a0<em>Set beinhaltet zwei Liegen, einen Windschutz und einen Sonnenschirm.<\/em><\/p>\n<p style=\"text-align: center;\">\n","protected":false},"excerpt":{"rendered":"<p>Wir hei\u00dfen unsere G\u00e4ste herzlich willkommen, die Liegen noch bis zum September zu nutzen. Danach beenden wir die Saison und freuen uns bereits auf die n\u00e4chste. ***** Breakers Bell\u2019Agio\u00a0ist die Strandbar des Breakers Beach House und der perfekte Ort, um einen sch\u00f6nen Sommertag in ungezwungener Atmosph\u00e4re zu genie\u00dfen.\u00a0Bell\u2019Agio\u00a0bezieht sich auf das Strandpavillon, das vor der [&hellip;]<\/p>\n","protected":false},"author":1,"featured_media":7544,"parent":0,"menu_order":0,"comment_status":"closed","ping_status":"closed","template":"","meta":{"_acf_changed":false,"footnotes":""},"class_list":["post-5385","page","type-page","status-publish","has-post-thumbnail","hentry"],"acf":[],"yoast_head":"<!-- This site is optimized with the Yoast SEO plugin v27.3 - https:\/\/yoast.com\/product\/yoast-seo-wordpress\/ -->\n<title>Bell&#039;agio - Breakers Beach House<\/title>\n<meta name=\"robots\" content=\"index, follow, max-snippet:-1, max-image-preview:large, max-video-preview:-1\" \/>\n<link rel=\"canonical\" href=\"https:\/\/breakersbeachhouse.nl\/de\/bellagio\/\" \/>\n<meta property=\"og:locale\" content=\"de_DE\" \/>\n<meta property=\"og:type\" content=\"article\" \/>\n<meta property=\"og:title\" content=\"Bell&#039;agio - Breakers Beach House\" \/>\n<meta property=\"og:description\" content=\"Wir hei\u00dfen unsere G\u00e4ste herzlich willkommen, die Liegen noch bis zum September zu nutzen. Danach beenden wir die Saison und freuen uns bereits auf die n\u00e4chste. ***** Breakers Bell\u2019Agio\u00a0ist die Strandbar des Breakers Beach House und der perfekte Ort, um einen sch\u00f6nen Sommertag in ungezwungener Atmosph\u00e4re zu genie\u00dfen.\u00a0Bell\u2019Agio\u00a0bezieht sich auf das Strandpavillon, das vor der [&hellip;]\" \/>\n<meta property=\"og:url\" content=\"https:\/\/breakersbeachhouse.nl\/de\/bellagio\/\" \/>\n<meta property=\"og:site_name\" content=\"Breakers Beach House\" \/>\n<meta property=\"article:modified_time\" content=\"2026-03-27T09:30:44+00:00\" \/>\n<meta property=\"og:image\" content=\"https:\/\/breakersbeachhouse.nl\/wp-content\/uploads\/2025\/08\/LDDK-20250704-0047-Lowres.jpg\" \/>\n\t<meta property=\"og:image:width\" content=\"1920\" \/>\n\t<meta property=\"og:image:height\" content=\"1371\" \/>\n\t<meta property=\"og:image:type\" content=\"image\/jpeg\" \/>\n<meta name=\"twitter:card\" content=\"summary_large_image\" \/>\n<meta name=\"twitter:label1\" content=\"Gesch\u00e4tzte Lesezeit\" \/>\n\t<meta name=\"twitter:data1\" content=\"2\u00a0Minuten\" \/>\n<!-- \/ Yoast SEO plugin. -->","yoast_head_json":{"title":"Bell'agio - Breakers Beach House","robots":{"index":"index","follow":"follow","max-snippet":"max-snippet:-1","max-image-preview":"max-image-preview:large","max-video-preview":"max-video-preview:-1"},"canonical":"https:\/\/breakersbeachhouse.nl\/de\/bellagio\/","og_locale":"de_DE","og_type":"article","og_title":"Bell'agio - Breakers Beach House","og_description":"Wir hei\u00dfen unsere G\u00e4ste herzlich willkommen, die Liegen noch bis zum September zu nutzen. Danach beenden wir die Saison und freuen uns bereits auf die n\u00e4chste. ***** Breakers Bell\u2019Agio\u00a0ist die Strandbar des Breakers Beach House und der perfekte Ort, um einen sch\u00f6nen Sommertag in ungezwungener Atmosph\u00e4re zu genie\u00dfen.\u00a0Bell\u2019Agio\u00a0bezieht sich auf das Strandpavillon, das vor der [&hellip;]","og_url":"https:\/\/breakersbeachhouse.nl\/de\/bellagio\/","og_site_name":"Breakers Beach House","article_modified_time":"2026-03-27T09:30:44+00:00","og_image":[{"width":1920,"height":1371,"url":"https:\/\/breakersbeachhouse.nl\/wp-content\/uploads\/2025\/08\/LDDK-20250704-0047-Lowres.jpg","type":"image\/jpeg"}],"twitter_card":"summary_large_image","twitter_misc":{"Gesch\u00e4tzte Lesezeit":"2\u00a0Minuten"},"schema":{"@context":"https:\/\/schema.org","@graph":[{"@type":"WebPage","@id":"https:\/\/breakersbeachhouse.nl\/de\/bellagio\/","url":"https:\/\/breakersbeachhouse.nl\/de\/bellagio\/","name":"Bell'agio - Breakers Beach House","isPartOf":{"@id":"https:\/\/breakersbeachhouse.nl\/de\/#website"},"primaryImageOfPage":{"@id":"https:\/\/breakersbeachhouse.nl\/de\/bellagio\/#primaryimage"},"image":{"@id":"https:\/\/breakersbeachhouse.nl\/de\/bellagio\/#primaryimage"},"thumbnailUrl":"https:\/\/breakersbeachhouse.nl\/wp-content\/uploads\/2025\/08\/LDDK-20250704-0047-Lowres.jpg","datePublished":"2022-06-08T09:43:56+00:00","dateModified":"2026-03-27T09:30:44+00:00","breadcrumb":{"@id":"https:\/\/breakersbeachhouse.nl\/de\/bellagio\/#breadcrumb"},"inLanguage":"de","potentialAction":[{"@type":"ReadAction","target":["https:\/\/breakersbeachhouse.nl\/de\/bellagio\/"]}]},{"@type":"ImageObject","inLanguage":"de","@id":"https:\/\/breakersbeachhouse.nl\/de\/bellagio\/#primaryimage","url":"https:\/\/breakersbeachhouse.nl\/wp-content\/uploads\/2025\/08\/LDDK-20250704-0047-Lowres.jpg","contentUrl":"https:\/\/breakersbeachhouse.nl\/wp-content\/uploads\/2025\/08\/LDDK-20250704-0047-Lowres.jpg","width":1920,"height":1371},{"@type":"BreadcrumbList","@id":"https:\/\/breakersbeachhouse.nl\/de\/bellagio\/#breadcrumb","itemListElement":[{"@type":"ListItem","position":1,"name":"Home","item":"https:\/\/breakersbeachhouse.nl\/de\/"},{"@type":"ListItem","position":2,"name":"Bell&#8217;agio"}]},{"@type":"WebSite","@id":"https:\/\/breakersbeachhouse.nl\/de\/#website","url":"https:\/\/breakersbeachhouse.nl\/de\/","name":"Grand Hotel Huis ter Duin *****","description":"Holland&#039;s finest beach house","publisher":{"@id":"https:\/\/breakersbeachhouse.nl\/de\/#organization"},"potentialAction":[{"@type":"SearchAction","target":{"@type":"EntryPoint","urlTemplate":"https:\/\/breakersbeachhouse.nl\/de\/?s={search_term_string}"},"query-input":{"@type":"PropertyValueSpecification","valueRequired":true,"valueName":"search_term_string"}}],"inLanguage":"de"},{"@type":"Organization","@id":"https:\/\/breakersbeachhouse.nl\/de\/#organization","name":"Grand Hotel Huis ter Duin","url":"https:\/\/breakersbeachhouse.nl\/de\/","logo":{"@type":"ImageObject","inLanguage":"de","@id":"https:\/\/breakersbeachhouse.nl\/de\/#\/schema\/logo\/image\/","url":"https:\/\/breakersbeachhouse.nl\/wp-content\/uploads\/2020\/01\/favicon-196x196-1.png","contentUrl":"https:\/\/breakersbeachhouse.nl\/wp-content\/uploads\/2020\/01\/favicon-196x196-1.png","width":196,"height":196,"caption":"Grand Hotel Huis ter Duin"},"image":{"@id":"https:\/\/breakersbeachhouse.nl\/de\/#\/schema\/logo\/image\/"}}]}},"_links":{"self":[{"href":"https:\/\/breakersbeachhouse.nl\/de\/wp-json\/wp\/v2\/pages\/5385","targetHints":{"allow":["GET"]}}],"collection":[{"href":"https:\/\/breakersbeachhouse.nl\/de\/wp-json\/wp\/v2\/pages"}],"about":[{"href":"https:\/\/breakersbeachhouse.nl\/de\/wp-json\/wp\/v2\/types\/page"}],"author":[{"embeddable":true,"href":"https:\/\/breakersbeachhouse.nl\/de\/wp-json\/wp\/v2\/users\/1"}],"replies":[{"embeddable":true,"href":"https:\/\/breakersbeachhouse.nl\/de\/wp-json\/wp\/v2\/comments?post=5385"}],"version-history":[{"count":29,"href":"https:\/\/breakersbeachhouse.nl\/de\/wp-json\/wp\/v2\/pages\/5385\/revisions"}],"predecessor-version":[{"id":7773,"href":"https:\/\/breakersbeachhouse.nl\/de\/wp-json\/wp\/v2\/pages\/5385\/revisions\/7773"}],"wp:featuredmedia":[{"embeddable":true,"href":"https:\/\/breakersbeachhouse.nl\/de\/wp-json\/wp\/v2\/media\/7544"}],"wp:attachment":[{"href":"https:\/\/breakersbeachhouse.nl\/de\/wp-json\/wp\/v2\/media?parent=5385"}],"curies":[{"name":"wp","href":"https:\/\/api.w.org\/{rel}","templated":true}]}}