{"id":5476,"date":"2022-06-09T15:46:58","date_gmt":"2022-06-09T15:46:58","guid":{"rendered":"https:\/\/breakersbeachhouse.nl\/?page_id=5476"},"modified":"2025-04-25T13:20:53","modified_gmt":"2025-04-25T13:20:53","slug":"i-love-my-pet","status":"publish","type":"page","link":"https:\/\/breakersbeachhouse.nl\/de\/i-love-my-pet\/","title":{"rendered":"I love my pet"},"content":{"rendered":"<div>\n<p>Ihr Hund ist im Breakers Beach House willkommen. Daf\u00fcr erheben wir allerdings einen Beitrag von 9,50 \u20ac pro Hund. Im Gegenzug genie\u00dft Ihr vierbeiniger Freund die volle Breakers-Behandlung, bei der es ihm wirklich an nichts fehlt. Dar\u00fcber hinaus spenden wir gerne einen Teil dieses Betrages an die &#8218;Stichting Hulphond&#8216; (Assistance Dog Foundation).<\/p>\n<p>Wir bitten Sie, die folgenden Hausregeln f\u00fcr Hunde zu beachten:<\/p>\n<div>\n<ul>\n<li style=\"text-align: left;\">In Breakers ist Ihr Hund immer angeleint (kann am Strand frei laufen);<\/li>\n<li style=\"text-align: left;\"><span class=\"OYPEnA text-decoration-none text-strikethrough-none\">Team Breakers beh\u00e4lt sich das Recht vor, mit Ihnen \u00fcber das Verhalten Ihres Hundes zu sprechen, und alle Aufforderungen sollten jederzeit befolgt werden;\u00a0<\/span><\/li>\n<li style=\"text-align: left;\"><span class=\"OYPEnA text-decoration-none text-strikethrough-none\">Sch\u00e4den, die durch Ihren Hund verursacht werden, werden Ihnen in Rechnung gestellt.\u00a0<\/span><\/li>\n<li style=\"text-align: left;\"><span class=\"OYPEnA text-decoration-none text-strikethrough-none\">Ihr vierbeiniger Freund ist zwischen 12 Uhr und 20 Uhr willkommen.<\/span><\/li>\n<li style=\"text-align: left;\">Nasse oder schmutzige Hunde sind bei uns im Restaurant nicht erw\u00fcnscht; wir stellen Ihnen die Ausr\u00fcstung zur Verf\u00fcgung, um Ihren Hund zu erfrischen;<\/li>\n<li>Gem\u00e4\u00df der Verordnung der Gemeinde Noordwijk sind Hunde am Strand vom 1. Juni bis 31. August leider nicht erlaubt.<\/li>\n<\/ul>\n<p style=\"text-align: left;\"><strong>Stiftung Assistenzhunde<br \/>\n<\/strong>Das Grand Hotel Huis ter Duin unterh\u00e4lt eine langj\u00e4hrige Partnerschaft mit der <a href=\"https:\/\/www.hulphond.nl\/\">Assistance Dog Foundation<\/a>. Ab sofort ist auch das Breakers Beach House Teil dieser Partnerschaft und spendet einen Teil des Erl\u00f6ses an die Stiftung, die Menschen mit einem k\u00f6rperlichen oder geistigen Problem durch den Einsatz eines Diensthundes oder durch systemische Erlebnistherapie hilft.<\/p>\n<\/div>\n<\/div>\n<p style=\"text-align: left;\"><strong>Gemeindepolitik<br \/>\n<\/strong>Vom 1. Juni bis zum 31. August verbietet die Gemeinde Noordwijk das Mitf\u00fchren von Hunden an den Str\u00e4nden und in den Strandpavillons, einschlie\u00dflich des Breakers Beach House. Die Vollzugsbeamten \u00fcberwachen dies streng und verh\u00e4ngen bei Verst\u00f6\u00dfen Bu\u00dfgelder gegen die Hundebesitzer.<\/p>\n<p style=\"text-align: left;\">Besuchen Sie unsere <a href=\"https:\/\/huisterduin.com\/arrangement\/i-love-my-pet\/?lang=de\">Website<\/a>, um weitere Informationen f\u00fcr Hundehalter bez\u00fcglich des Grand Hotels Huis ter Duin und der Restaurants zu erhalten.<\/p>\n","protected":false},"excerpt":{"rendered":"<p>Ihr Hund ist im Breakers Beach House willkommen. Daf\u00fcr erheben wir allerdings einen Beitrag von 9,50 \u20ac pro Hund. Im Gegenzug genie\u00dft Ihr vierbeiniger Freund die volle Breakers-Behandlung, bei der es ihm wirklich an nichts fehlt. Dar\u00fcber hinaus spenden wir gerne einen Teil dieses Betrages an die &#8218;Stichting Hulphond&#8216; (Assistance Dog Foundation). Wir bitten Sie, [&hellip;]<\/p>\n","protected":false},"author":2,"featured_media":5461,"parent":0,"menu_order":0,"comment_status":"closed","ping_status":"closed","template":"","meta":{"_acf_changed":false,"footnotes":""},"class_list":["post-5476","page","type-page","status-publish","has-post-thumbnail","hentry"],"acf":[],"yoast_head":"<!-- This site is optimized with the Yoast SEO plugin v27.3 - https:\/\/yoast.com\/product\/yoast-seo-wordpress\/ -->\n<title>I love my pet - Breakers Beach House<\/title>\n<meta name=\"robots\" content=\"index, follow, max-snippet:-1, max-image-preview:large, max-video-preview:-1\" \/>\n<link rel=\"canonical\" href=\"https:\/\/breakersbeachhouse.nl\/de\/i-love-my-pet\/\" \/>\n<meta property=\"og:locale\" content=\"de_DE\" \/>\n<meta property=\"og:type\" content=\"article\" \/>\n<meta property=\"og:title\" content=\"I love my pet - Breakers Beach House\" \/>\n<meta property=\"og:description\" content=\"Ihr Hund ist im Breakers Beach House willkommen. Daf\u00fcr erheben wir allerdings einen Beitrag von 9,50 \u20ac pro Hund. Im Gegenzug genie\u00dft Ihr vierbeiniger Freund die volle Breakers-Behandlung, bei der es ihm wirklich an nichts fehlt. Dar\u00fcber hinaus spenden wir gerne einen Teil dieses Betrages an die &#8218;Stichting Hulphond&#8216; (Assistance Dog Foundation). Wir bitten Sie, [&hellip;]\" \/>\n<meta property=\"og:url\" content=\"https:\/\/breakersbeachhouse.nl\/de\/i-love-my-pet\/\" \/>\n<meta property=\"og:site_name\" content=\"Breakers Beach House\" \/>\n<meta property=\"article:modified_time\" content=\"2025-04-25T13:20:53+00:00\" \/>\n<meta property=\"og:image\" content=\"https:\/\/breakersbeachhouse.nl\/wp-content\/uploads\/2022\/06\/tommy-kopie-kopie-1.jpg\" \/>\n\t<meta property=\"og:image:width\" content=\"1589\" \/>\n\t<meta property=\"og:image:height\" content=\"689\" \/>\n\t<meta property=\"og:image:type\" content=\"image\/jpeg\" \/>\n<meta name=\"twitter:card\" content=\"summary_large_image\" \/>\n<meta name=\"twitter:label1\" content=\"Gesch\u00e4tzte Lesezeit\" \/>\n\t<meta name=\"twitter:data1\" content=\"2\u00a0Minuten\" \/>\n<!-- \/ Yoast SEO plugin. -->","yoast_head_json":{"title":"I love my pet - Breakers Beach House","robots":{"index":"index","follow":"follow","max-snippet":"max-snippet:-1","max-image-preview":"max-image-preview:large","max-video-preview":"max-video-preview:-1"},"canonical":"https:\/\/breakersbeachhouse.nl\/de\/i-love-my-pet\/","og_locale":"de_DE","og_type":"article","og_title":"I love my pet - Breakers Beach House","og_description":"Ihr Hund ist im Breakers Beach House willkommen. Daf\u00fcr erheben wir allerdings einen Beitrag von 9,50 \u20ac pro Hund. Im Gegenzug genie\u00dft Ihr vierbeiniger Freund die volle Breakers-Behandlung, bei der es ihm wirklich an nichts fehlt. Dar\u00fcber hinaus spenden wir gerne einen Teil dieses Betrages an die &#8218;Stichting Hulphond&#8216; (Assistance Dog Foundation). Wir bitten Sie, [&hellip;]","og_url":"https:\/\/breakersbeachhouse.nl\/de\/i-love-my-pet\/","og_site_name":"Breakers Beach House","article_modified_time":"2025-04-25T13:20:53+00:00","og_image":[{"width":1589,"height":689,"url":"https:\/\/breakersbeachhouse.nl\/wp-content\/uploads\/2022\/06\/tommy-kopie-kopie-1.jpg","type":"image\/jpeg"}],"twitter_card":"summary_large_image","twitter_misc":{"Gesch\u00e4tzte Lesezeit":"2\u00a0Minuten"},"schema":{"@context":"https:\/\/schema.org","@graph":[{"@type":"WebPage","@id":"https:\/\/breakersbeachhouse.nl\/de\/i-love-my-pet\/","url":"https:\/\/breakersbeachhouse.nl\/de\/i-love-my-pet\/","name":"I love my pet - Breakers Beach House","isPartOf":{"@id":"https:\/\/breakersbeachhouse.nl\/de\/#website"},"primaryImageOfPage":{"@id":"https:\/\/breakersbeachhouse.nl\/de\/i-love-my-pet\/#primaryimage"},"image":{"@id":"https:\/\/breakersbeachhouse.nl\/de\/i-love-my-pet\/#primaryimage"},"thumbnailUrl":"https:\/\/breakersbeachhouse.nl\/wp-content\/uploads\/2022\/06\/tommy-kopie-kopie-1.jpg","datePublished":"2022-06-09T15:46:58+00:00","dateModified":"2025-04-25T13:20:53+00:00","breadcrumb":{"@id":"https:\/\/breakersbeachhouse.nl\/de\/i-love-my-pet\/#breadcrumb"},"inLanguage":"de","potentialAction":[{"@type":"ReadAction","target":["https:\/\/breakersbeachhouse.nl\/de\/i-love-my-pet\/"]}]},{"@type":"ImageObject","inLanguage":"de","@id":"https:\/\/breakersbeachhouse.nl\/de\/i-love-my-pet\/#primaryimage","url":"https:\/\/breakersbeachhouse.nl\/wp-content\/uploads\/2022\/06\/tommy-kopie-kopie-1.jpg","contentUrl":"https:\/\/breakersbeachhouse.nl\/wp-content\/uploads\/2022\/06\/tommy-kopie-kopie-1.jpg","width":1589,"height":689},{"@type":"BreadcrumbList","@id":"https:\/\/breakersbeachhouse.nl\/de\/i-love-my-pet\/#breadcrumb","itemListElement":[{"@type":"ListItem","position":1,"name":"Home","item":"https:\/\/breakersbeachhouse.nl\/de\/"},{"@type":"ListItem","position":2,"name":"I love my pet"}]},{"@type":"WebSite","@id":"https:\/\/breakersbeachhouse.nl\/de\/#website","url":"https:\/\/breakersbeachhouse.nl\/de\/","name":"Grand Hotel Huis ter Duin *****","description":"Holland&#039;s finest beach house","publisher":{"@id":"https:\/\/breakersbeachhouse.nl\/de\/#organization"},"potentialAction":[{"@type":"SearchAction","target":{"@type":"EntryPoint","urlTemplate":"https:\/\/breakersbeachhouse.nl\/de\/?s={search_term_string}"},"query-input":{"@type":"PropertyValueSpecification","valueRequired":true,"valueName":"search_term_string"}}],"inLanguage":"de"},{"@type":"Organization","@id":"https:\/\/breakersbeachhouse.nl\/de\/#organization","name":"Grand Hotel Huis ter Duin","url":"https:\/\/breakersbeachhouse.nl\/de\/","logo":{"@type":"ImageObject","inLanguage":"de","@id":"https:\/\/breakersbeachhouse.nl\/de\/#\/schema\/logo\/image\/","url":"https:\/\/breakersbeachhouse.nl\/wp-content\/uploads\/2020\/01\/favicon-196x196-1.png","contentUrl":"https:\/\/breakersbeachhouse.nl\/wp-content\/uploads\/2020\/01\/favicon-196x196-1.png","width":196,"height":196,"caption":"Grand Hotel Huis ter Duin"},"image":{"@id":"https:\/\/breakersbeachhouse.nl\/de\/#\/schema\/logo\/image\/"}}]}},"_links":{"self":[{"href":"https:\/\/breakersbeachhouse.nl\/de\/wp-json\/wp\/v2\/pages\/5476","targetHints":{"allow":["GET"]}}],"collection":[{"href":"https:\/\/breakersbeachhouse.nl\/de\/wp-json\/wp\/v2\/pages"}],"about":[{"href":"https:\/\/breakersbeachhouse.nl\/de\/wp-json\/wp\/v2\/types\/page"}],"author":[{"embeddable":true,"href":"https:\/\/breakersbeachhouse.nl\/de\/wp-json\/wp\/v2\/users\/2"}],"replies":[{"embeddable":true,"href":"https:\/\/breakersbeachhouse.nl\/de\/wp-json\/wp\/v2\/comments?post=5476"}],"version-history":[{"count":16,"href":"https:\/\/breakersbeachhouse.nl\/de\/wp-json\/wp\/v2\/pages\/5476\/revisions"}],"predecessor-version":[{"id":7424,"href":"https:\/\/breakersbeachhouse.nl\/de\/wp-json\/wp\/v2\/pages\/5476\/revisions\/7424"}],"wp:featuredmedia":[{"embeddable":true,"href":"https:\/\/breakersbeachhouse.nl\/de\/wp-json\/wp\/v2\/media\/5461"}],"wp:attachment":[{"href":"https:\/\/breakersbeachhouse.nl\/de\/wp-json\/wp\/v2\/media?parent=5476"}],"curies":[{"name":"wp","href":"https:\/\/api.w.org\/{rel}","templated":true}]}}