{"id":991,"date":"2019-11-11T14:28:57","date_gmt":"2019-11-11T14:28:57","guid":{"rendered":"http:\/\/htd.pebbler.be\/beruehrung\/"},"modified":"2026-04-01T15:37:39","modified_gmt":"2026-04-01T15:37:39","slug":"kontakt","status":"publish","type":"page","link":"https:\/\/breakersbeachhouse.nl\/de\/kontakt\/","title":{"rendered":"Kontakt"},"content":{"rendered":"<address>\n<address>Koningin Astrid Boulevard 5<\/address>\n<address>2202 BK Noordwijk aan Zee<br \/>\nNiederlande<\/address>\n<address>T <a href=\"tel:+31713651302\">+31 71 365 1302<\/a><br \/>\nE <a href=\"mailto:breakers@huisterduin.com\">breakers@huisterduin.com<\/a><\/address>\n<address>\u00a0<\/address>\n<address><span style=\"text-decoration-line: underline;\">\u00d6ffnungszeiten<\/span><\/address>\n<\/address>\n<address>Montag\u00a0 \u00a0 \u00a0 \u00a0 \u00a0: 12:00 &#8211; 22:00 Uhr<\/address>\n<address>Dienstag\u00a0 \u00a0 \u00a0 : 12:00 &#8211; 22:00 Uhr<\/address>\n<address>Mittwoch\u00a0 \u00a0 \u00a0 \u00a0:\u00a0 12:00 &#8211; 22:00 Uhr<\/address>\n<address>Donnerstag\u00a0 \u00a0: 12:00 &#8211; 22:00 Uhr<\/address>\n<address>Freitag\u00a0 \u00a0 \u00a0 \u00a0 \u00a0 :\u00a0 12:00 &#8211; 22:00 Uhr<\/address>\n<address>Samstag\u00a0 \u00a0 \u00a0 \u00a0: 12:00 &#8211; 22:00 Uhr<\/address>\n<address>Sonntag\u00a0 \u00a0 \u00a0 \u00a0 :\u00a0 12:00 &#8211; 22:00 Uhr<\/address>\n<address>\u00a0<\/address>\n<address>Bitte beachten Sie: Die K\u00fcche schlie\u00dft um 22:00 Uhr und serviert zwischen 16:00 und 18:00 Uhr ausschlie\u00dflich Bites.<br \/>\nIn den Wintermonaten k\u00f6nnen Sie sonntags unser Sunday Early Dinner genie\u00dfen, wobei die K\u00fcche speziell f\u00fcr Sie am Nachmittag ge\u00f6ffnet bleibt.<\/address>\n<address>\u00a0<\/address>\n<address><strong>Hundenpolitiek<\/strong><\/address>\n<address>Ihr Hund ist im Breakers Beach House vom 1. September bis zum 31. Mai willkommen, f\u00fcr den Besuch berechnen wir 9,50 \u20ac pro Hund. Die Hausordnung f\u00fcr freundliche Vierbeiner finden Sie <a href=\"https:\/\/breakersbeachhouse.nl\/i-love-my-pet\/?lang=de\">hier<\/a>.\u00a0<\/address>\n<address>\u00a0<\/address>\n<address><strong>Dress code<\/strong><\/address>\n<address>Unsere Kleiderordnung ist Beach Casual. Badebekleidung ist\u00a0 nicht erlaubt.<\/address>\n<address>\u00a0<\/address>\n<address><strong>Parkplatz<\/strong><br \/>\nAus Sicherheitsgr\u00fcnden ist es nicht m\u00f6glich, am Breakers Beach House zu parken. Dies gilt auch, wenn Sie im Besitz eines Behindertenparkausweises sind. Ein- und Ausstieg ist im Restaurant m\u00f6glich. Sie k\u00f6nnen Ihr Auto auf dem Parkdeck oder in der Tiefgarage des Grand Hotel Huis ter Duin abstellen. Sie zahlen 4,00 \u20ac pro Stunde, wobei Sie bei Nutzung der Einrichtungen 50 % Erm\u00e4\u00dfigung auf das Parkticket erhalten. Das Grand Hotel Huis ter Duin verf\u00fcgt \u00fcber 20 Ladestationen f\u00fcr Elektroautos. Diese k\u00f6nnen Sie gegen eine Geb\u00fchr von 0,52 \u20ac pro kWh nutzen. G\u00e4sten mit eingeschr\u00e4nkter Mobilit\u00e4t empfehlen wir, auf dem Parkdeck zu parken. Zudem bieten wir einen Shuttle-Service vom Hotel zum Breakers Beach House und zur\u00fcck an.<\/address>\n<address>\u00a0<\/address>\n<address><strong>\u00d6ffentliche Verkehrsmittel<\/strong><\/address>\n<address>Sie k\u00f6nnen das Breakers Beach House mit \u00f6ffentlichen Verkehrsmitteln erreichen. Die Buslinien 20, 23, 361 und 385 fahren an der Haltestelle &#8222;Pickeplein&#8220; vorbei. Vom Pickeplein aus erreichen Sie das Breakers Beach House in 5 Minuten zu Fu\u00df, entweder durch den Eingang des Grand Hotel Huis ter Duin oder durch den Seiteneingang \u00fcber den Koningin Wilhelmina-Boulevard. F\u00fcr weitere Informationen nutzen Sie die App 9292 oder die NS-App.<\/address>\n<address>\u00a0<\/address>\n<address><strong>200-\u20ac- &amp; 500-\u20ac-Scheine<\/strong><br \/>\nGrand Hotel Huis ter Duin und seine Restaurants sind verpflichtet, f\u00fcr jeden eingereichten 200\u20ac und 500\u20ac Schein einen Betrag von 5\u20ac an die Bank zu zahlen. Diese Kosten werden Ihnen als Gast berechnet. Au\u00dferdem m\u00fcssen wir die Herkunft des Geldscheines anhand Ihres Namens und Ihrer ID-Nummer registrieren. Ihre ID-Nummer wird ausschlie\u00dflich f\u00fcr die Registrierung des Geldscheines verwendet.<\/address>\n<address>\u00a0<\/address>\n<address>\n<address>Umsatzsteuer-Identifikation:<br \/>\nNL 806094990. B. 01<\/address>\n<address>Handelskammernummer: 28.075.395<\/address>\n<\/address>\n","protected":false},"excerpt":{"rendered":"<p>Koningin Astrid Boulevard 5 2202 BK Noordwijk aan Zee Niederlande T +31 71 365 1302 E breakers@huisterduin.com \u00a0 \u00d6ffnungszeiten Montag\u00a0 \u00a0 \u00a0 \u00a0 \u00a0: 12:00 &#8211; 22:00 Uhr Dienstag\u00a0 \u00a0 \u00a0 : 12:00 &#8211; 22:00 Uhr Mittwoch\u00a0 \u00a0 \u00a0 \u00a0:\u00a0 12:00 &#8211; 22:00 Uhr Donnerstag\u00a0 \u00a0: 12:00 &#8211; 22:00 Uhr Freitag\u00a0 \u00a0 \u00a0 \u00a0 \u00a0 [&hellip;]<\/p>\n","protected":false},"author":1,"featured_media":5267,"parent":0,"menu_order":0,"comment_status":"closed","ping_status":"closed","template":"page-contact.php","meta":{"_acf_changed":false,"footnotes":""},"class_list":["post-991","page","type-page","status-publish","has-post-thumbnail","hentry"],"acf":[],"yoast_head":"<!-- This site is optimized with the Yoast SEO plugin v27.3 - https:\/\/yoast.com\/product\/yoast-seo-wordpress\/ -->\n<title>Kontakt - Breakers Beach House<\/title>\n<meta name=\"description\" content=\"Haben Sie Fragen \u00fcber einer Reservierung oder COVID-19? Rufen Sie dann einfach bei uns an.\" \/>\n<meta name=\"robots\" content=\"index, follow, max-snippet:-1, max-image-preview:large, max-video-preview:-1\" \/>\n<link rel=\"canonical\" href=\"https:\/\/breakersbeachhouse.nl\/de\/kontakt\/\" \/>\n<meta property=\"og:locale\" content=\"de_DE\" \/>\n<meta property=\"og:type\" content=\"article\" \/>\n<meta property=\"og:title\" content=\"Kontakt - Breakers Beach House\" \/>\n<meta property=\"og:description\" content=\"Haben Sie Fragen \u00fcber einer Reservierung oder COVID-19? Rufen Sie dann einfach bei uns an.\" \/>\n<meta property=\"og:url\" content=\"https:\/\/breakersbeachhouse.nl\/de\/kontakt\/\" \/>\n<meta property=\"og:site_name\" content=\"Breakers Beach House\" \/>\n<meta property=\"article:modified_time\" content=\"2026-04-01T15:37:39+00:00\" \/>\n<meta property=\"og:image\" content=\"https:\/\/breakersbeachhouse.nl\/wp-content\/uploads\/2022\/05\/View.jpg\" \/>\n\t<meta property=\"og:image:width\" content=\"1920\" \/>\n\t<meta property=\"og:image:height\" content=\"1600\" \/>\n\t<meta property=\"og:image:type\" content=\"image\/jpeg\" \/>\n<meta name=\"twitter:card\" content=\"summary_large_image\" \/>\n<meta name=\"twitter:label1\" content=\"Gesch\u00e4tzte Lesezeit\" \/>\n\t<meta name=\"twitter:data1\" content=\"3\u00a0Minuten\" \/>\n<!-- \/ Yoast SEO plugin. -->","yoast_head_json":{"title":"Kontakt - Breakers Beach House","description":"Haben Sie Fragen \u00fcber einer Reservierung oder COVID-19? Rufen Sie dann einfach bei uns an.","robots":{"index":"index","follow":"follow","max-snippet":"max-snippet:-1","max-image-preview":"max-image-preview:large","max-video-preview":"max-video-preview:-1"},"canonical":"https:\/\/breakersbeachhouse.nl\/de\/kontakt\/","og_locale":"de_DE","og_type":"article","og_title":"Kontakt - Breakers Beach House","og_description":"Haben Sie Fragen \u00fcber einer Reservierung oder COVID-19? Rufen Sie dann einfach bei uns an.","og_url":"https:\/\/breakersbeachhouse.nl\/de\/kontakt\/","og_site_name":"Breakers Beach House","article_modified_time":"2026-04-01T15:37:39+00:00","og_image":[{"width":1920,"height":1600,"url":"https:\/\/breakersbeachhouse.nl\/wp-content\/uploads\/2022\/05\/View.jpg","type":"image\/jpeg"}],"twitter_card":"summary_large_image","twitter_misc":{"Gesch\u00e4tzte Lesezeit":"3\u00a0Minuten"},"schema":{"@context":"https:\/\/schema.org","@graph":[{"@type":"WebPage","@id":"https:\/\/breakersbeachhouse.nl\/de\/kontakt\/","url":"https:\/\/breakersbeachhouse.nl\/de\/kontakt\/","name":"Kontakt - Breakers Beach House","isPartOf":{"@id":"https:\/\/breakersbeachhouse.nl\/de\/#website"},"primaryImageOfPage":{"@id":"https:\/\/breakersbeachhouse.nl\/de\/kontakt\/#primaryimage"},"image":{"@id":"https:\/\/breakersbeachhouse.nl\/de\/kontakt\/#primaryimage"},"thumbnailUrl":"https:\/\/breakersbeachhouse.nl\/wp-content\/uploads\/2022\/05\/View.jpg","datePublished":"2019-11-11T14:28:57+00:00","dateModified":"2026-04-01T15:37:39+00:00","description":"Haben Sie Fragen \u00fcber einer Reservierung oder COVID-19? Rufen Sie dann einfach bei uns an.","breadcrumb":{"@id":"https:\/\/breakersbeachhouse.nl\/de\/kontakt\/#breadcrumb"},"inLanguage":"de","potentialAction":[{"@type":"ReadAction","target":["https:\/\/breakersbeachhouse.nl\/de\/kontakt\/"]}]},{"@type":"ImageObject","inLanguage":"de","@id":"https:\/\/breakersbeachhouse.nl\/de\/kontakt\/#primaryimage","url":"https:\/\/breakersbeachhouse.nl\/wp-content\/uploads\/2022\/05\/View.jpg","contentUrl":"https:\/\/breakersbeachhouse.nl\/wp-content\/uploads\/2022\/05\/View.jpg","width":1920,"height":1600},{"@type":"BreadcrumbList","@id":"https:\/\/breakersbeachhouse.nl\/de\/kontakt\/#breadcrumb","itemListElement":[{"@type":"ListItem","position":1,"name":"Home","item":"https:\/\/breakersbeachhouse.nl\/de\/"},{"@type":"ListItem","position":2,"name":"Kontakt"}]},{"@type":"WebSite","@id":"https:\/\/breakersbeachhouse.nl\/de\/#website","url":"https:\/\/breakersbeachhouse.nl\/de\/","name":"Grand Hotel Huis ter Duin *****","description":"Holland&#039;s finest beach house","publisher":{"@id":"https:\/\/breakersbeachhouse.nl\/de\/#organization"},"potentialAction":[{"@type":"SearchAction","target":{"@type":"EntryPoint","urlTemplate":"https:\/\/breakersbeachhouse.nl\/de\/?s={search_term_string}"},"query-input":{"@type":"PropertyValueSpecification","valueRequired":true,"valueName":"search_term_string"}}],"inLanguage":"de"},{"@type":"Organization","@id":"https:\/\/breakersbeachhouse.nl\/de\/#organization","name":"Grand Hotel Huis ter Duin","url":"https:\/\/breakersbeachhouse.nl\/de\/","logo":{"@type":"ImageObject","inLanguage":"de","@id":"https:\/\/breakersbeachhouse.nl\/de\/#\/schema\/logo\/image\/","url":"https:\/\/breakersbeachhouse.nl\/wp-content\/uploads\/2020\/01\/favicon-196x196-1.png","contentUrl":"https:\/\/breakersbeachhouse.nl\/wp-content\/uploads\/2020\/01\/favicon-196x196-1.png","width":196,"height":196,"caption":"Grand Hotel Huis ter Duin"},"image":{"@id":"https:\/\/breakersbeachhouse.nl\/de\/#\/schema\/logo\/image\/"}}]}},"_links":{"self":[{"href":"https:\/\/breakersbeachhouse.nl\/de\/wp-json\/wp\/v2\/pages\/991","targetHints":{"allow":["GET"]}}],"collection":[{"href":"https:\/\/breakersbeachhouse.nl\/de\/wp-json\/wp\/v2\/pages"}],"about":[{"href":"https:\/\/breakersbeachhouse.nl\/de\/wp-json\/wp\/v2\/types\/page"}],"author":[{"embeddable":true,"href":"https:\/\/breakersbeachhouse.nl\/de\/wp-json\/wp\/v2\/users\/1"}],"replies":[{"embeddable":true,"href":"https:\/\/breakersbeachhouse.nl\/de\/wp-json\/wp\/v2\/comments?post=991"}],"version-history":[{"count":83,"href":"https:\/\/breakersbeachhouse.nl\/de\/wp-json\/wp\/v2\/pages\/991\/revisions"}],"predecessor-version":[{"id":7782,"href":"https:\/\/breakersbeachhouse.nl\/de\/wp-json\/wp\/v2\/pages\/991\/revisions\/7782"}],"wp:featuredmedia":[{"embeddable":true,"href":"https:\/\/breakersbeachhouse.nl\/de\/wp-json\/wp\/v2\/media\/5267"}],"wp:attachment":[{"href":"https:\/\/breakersbeachhouse.nl\/de\/wp-json\/wp\/v2\/media?parent=991"}],"curies":[{"name":"wp","href":"https:\/\/api.w.org\/{rel}","templated":true}]}}