{"id":997,"date":"2019-11-11T14:38:08","date_gmt":"2019-11-11T14:38:08","guid":{"rendered":"http:\/\/htd.pebbler.be\/leisure\/"},"modified":"2020-01-29T14:57:44","modified_gmt":"2020-01-29T14:57:44","slug":"leisure","status":"publish","type":"page","link":"https:\/\/breakersbeachhouse.nl\/de\/leisure\/","title":{"rendered":"Leisure"},"content":{"rendered":"<p>Grand Hotel Huis ter Duin hat mit seinen vier Restaurants und seinem Spa und Beauty Center viel zu bieten. Sie k\u00f6nnen allerdings auch in Noordwijk und Umgebung viel entdecken. Besuchen Sie unser historisches Leiden, auch die Stadt der Entdeckungen genannt oder genie\u03b2en Sie von der Natur des Bollenstreeks\/ der Zwiebelregion. Laufen Sie \u00fcber den Strand, machen Sie eine Fahrradtour durch die W\u00e4lder oder machen Sie eine sportliche Wanderung durch die D\u00fcnen von Noordwijk. Lassen\u00a0 Sie sich inspirieren durch unseren Dutch Experience Guide.<\/p>\n","protected":false},"excerpt":{"rendered":"<p>Grand Hotel Huis ter Duin hat mit seinen vier Restaurants und seinem Spa und Beauty Center viel zu bieten. Sie k\u00f6nnen allerdings auch in Noordwijk und Umgebung viel entdecken. Besuchen Sie unser historisches Leiden, auch die Stadt der Entdeckungen genannt oder genie\u03b2en Sie von der Natur des Bollenstreeks\/ der Zwiebelregion. Laufen Sie \u00fcber den Strand, [&hellip;]<\/p>\n","protected":false},"author":1,"featured_media":730,"parent":0,"menu_order":0,"comment_status":"closed","ping_status":"closed","template":"page-leisure.php","meta":{"_acf_changed":false,"footnotes":""},"class_list":["post-997","page","type-page","status-publish","has-post-thumbnail","hentry"],"acf":[],"yoast_head":"<!-- This site is optimized with the Yoast SEO plugin v27.3 - https:\/\/yoast.com\/product\/yoast-seo-wordpress\/ -->\n<title>Lassen Sie sich von unserer - Breakers Beach House inspirieren<\/title>\n<meta name=\"description\" content=\"Das Grand Hotel Huis ter Duin hat mit seinen Einrichtungen viel zu bieten, aber auch in der N\u00e4he von Noordwijk gibt es viel zu tun.\" \/>\n<meta name=\"robots\" content=\"index, follow, max-snippet:-1, max-image-preview:large, max-video-preview:-1\" \/>\n<link rel=\"canonical\" href=\"https:\/\/breakersbeachhouse.nl\/de\/leisure\/\" \/>\n<meta property=\"og:locale\" content=\"de_DE\" \/>\n<meta property=\"og:type\" content=\"article\" \/>\n<meta property=\"og:title\" content=\"Lassen Sie sich von unserer - Breakers Beach House inspirieren\" \/>\n<meta property=\"og:description\" content=\"Das Grand Hotel Huis ter Duin hat mit seinen Einrichtungen viel zu bieten, aber auch in der N\u00e4he von Noordwijk gibt es viel zu tun.\" \/>\n<meta property=\"og:url\" content=\"https:\/\/breakersbeachhouse.nl\/de\/leisure\/\" \/>\n<meta property=\"og:site_name\" content=\"Breakers Beach House\" \/>\n<meta property=\"article:modified_time\" content=\"2020-01-29T14:57:44+00:00\" \/>\n<meta property=\"og:image\" content=\"https:\/\/breakersbeachhouse.nl\/wp-content\/uploads\/2019\/10\/Charming-Room.jpg\" \/>\n\t<meta property=\"og:image:width\" content=\"1920\" \/>\n\t<meta property=\"og:image:height\" content=\"1280\" \/>\n\t<meta property=\"og:image:type\" content=\"image\/jpeg\" \/>\n<meta name=\"twitter:card\" content=\"summary_large_image\" \/>\n<!-- \/ Yoast SEO plugin. -->","yoast_head_json":{"title":"Lassen Sie sich von unserer - Breakers Beach House inspirieren","description":"Das Grand Hotel Huis ter Duin hat mit seinen Einrichtungen viel zu bieten, aber auch in der N\u00e4he von Noordwijk gibt es viel zu tun.","robots":{"index":"index","follow":"follow","max-snippet":"max-snippet:-1","max-image-preview":"max-image-preview:large","max-video-preview":"max-video-preview:-1"},"canonical":"https:\/\/breakersbeachhouse.nl\/de\/leisure\/","og_locale":"de_DE","og_type":"article","og_title":"Lassen Sie sich von unserer - Breakers Beach House inspirieren","og_description":"Das Grand Hotel Huis ter Duin hat mit seinen Einrichtungen viel zu bieten, aber auch in der N\u00e4he von Noordwijk gibt es viel zu tun.","og_url":"https:\/\/breakersbeachhouse.nl\/de\/leisure\/","og_site_name":"Breakers Beach House","article_modified_time":"2020-01-29T14:57:44+00:00","og_image":[{"width":1920,"height":1280,"url":"https:\/\/breakersbeachhouse.nl\/wp-content\/uploads\/2019\/10\/Charming-Room.jpg","type":"image\/jpeg"}],"twitter_card":"summary_large_image","schema":{"@context":"https:\/\/schema.org","@graph":[{"@type":"WebPage","@id":"https:\/\/breakersbeachhouse.nl\/de\/leisure\/","url":"https:\/\/breakersbeachhouse.nl\/de\/leisure\/","name":"Lassen Sie sich von unserer - Breakers Beach House inspirieren","isPartOf":{"@id":"https:\/\/breakersbeachhouse.nl\/de\/#website"},"primaryImageOfPage":{"@id":"https:\/\/breakersbeachhouse.nl\/de\/leisure\/#primaryimage"},"image":{"@id":"https:\/\/breakersbeachhouse.nl\/de\/leisure\/#primaryimage"},"thumbnailUrl":"https:\/\/breakersbeachhouse.nl\/wp-content\/uploads\/2019\/10\/Charming-Room.jpg","datePublished":"2019-11-11T14:38:08+00:00","dateModified":"2020-01-29T14:57:44+00:00","description":"Das Grand Hotel Huis ter Duin hat mit seinen Einrichtungen viel zu bieten, aber auch in der N\u00e4he von Noordwijk gibt es viel zu tun.","breadcrumb":{"@id":"https:\/\/breakersbeachhouse.nl\/de\/leisure\/#breadcrumb"},"inLanguage":"de","potentialAction":[{"@type":"ReadAction","target":["https:\/\/breakersbeachhouse.nl\/de\/leisure\/"]}]},{"@type":"ImageObject","inLanguage":"de","@id":"https:\/\/breakersbeachhouse.nl\/de\/leisure\/#primaryimage","url":"https:\/\/breakersbeachhouse.nl\/wp-content\/uploads\/2019\/10\/Charming-Room.jpg","contentUrl":"https:\/\/breakersbeachhouse.nl\/wp-content\/uploads\/2019\/10\/Charming-Room.jpg","width":1920,"height":1280},{"@type":"BreadcrumbList","@id":"https:\/\/breakersbeachhouse.nl\/de\/leisure\/#breadcrumb","itemListElement":[{"@type":"ListItem","position":1,"name":"Home","item":"https:\/\/breakersbeachhouse.nl\/de\/"},{"@type":"ListItem","position":2,"name":"Leisure"}]},{"@type":"WebSite","@id":"https:\/\/breakersbeachhouse.nl\/de\/#website","url":"https:\/\/breakersbeachhouse.nl\/de\/","name":"Grand Hotel Huis ter Duin *****","description":"Holland&#039;s finest beach house","publisher":{"@id":"https:\/\/breakersbeachhouse.nl\/de\/#organization"},"potentialAction":[{"@type":"SearchAction","target":{"@type":"EntryPoint","urlTemplate":"https:\/\/breakersbeachhouse.nl\/de\/?s={search_term_string}"},"query-input":{"@type":"PropertyValueSpecification","valueRequired":true,"valueName":"search_term_string"}}],"inLanguage":"de"},{"@type":"Organization","@id":"https:\/\/breakersbeachhouse.nl\/de\/#organization","name":"Grand Hotel Huis ter Duin","url":"https:\/\/breakersbeachhouse.nl\/de\/","logo":{"@type":"ImageObject","inLanguage":"de","@id":"https:\/\/breakersbeachhouse.nl\/de\/#\/schema\/logo\/image\/","url":"https:\/\/breakersbeachhouse.nl\/wp-content\/uploads\/2020\/01\/favicon-196x196-1.png","contentUrl":"https:\/\/breakersbeachhouse.nl\/wp-content\/uploads\/2020\/01\/favicon-196x196-1.png","width":196,"height":196,"caption":"Grand Hotel Huis ter Duin"},"image":{"@id":"https:\/\/breakersbeachhouse.nl\/de\/#\/schema\/logo\/image\/"}}]}},"_links":{"self":[{"href":"https:\/\/breakersbeachhouse.nl\/de\/wp-json\/wp\/v2\/pages\/997","targetHints":{"allow":["GET"]}}],"collection":[{"href":"https:\/\/breakersbeachhouse.nl\/de\/wp-json\/wp\/v2\/pages"}],"about":[{"href":"https:\/\/breakersbeachhouse.nl\/de\/wp-json\/wp\/v2\/types\/page"}],"author":[{"embeddable":true,"href":"https:\/\/breakersbeachhouse.nl\/de\/wp-json\/wp\/v2\/users\/1"}],"replies":[{"embeddable":true,"href":"https:\/\/breakersbeachhouse.nl\/de\/wp-json\/wp\/v2\/comments?post=997"}],"version-history":[{"count":5,"href":"https:\/\/breakersbeachhouse.nl\/de\/wp-json\/wp\/v2\/pages\/997\/revisions"}],"predecessor-version":[{"id":2077,"href":"https:\/\/breakersbeachhouse.nl\/de\/wp-json\/wp\/v2\/pages\/997\/revisions\/2077"}],"wp:featuredmedia":[{"embeddable":true,"href":"https:\/\/breakersbeachhouse.nl\/de\/wp-json\/wp\/v2\/media\/730"}],"wp:attachment":[{"href":"https:\/\/breakersbeachhouse.nl\/de\/wp-json\/wp\/v2\/media?parent=997"}],"curies":[{"name":"wp","href":"https:\/\/api.w.org\/{rel}","templated":true}]}}